{"id":324,"date":"2013-05-17T01:25:49","date_gmt":"2013-05-17T04:25:49","guid":{"rendered":"https:\/\/www.empresaeneldia.cl\/?page_id=324"},"modified":"2013-05-17T01:25:49","modified_gmt":"2013-05-17T04:25:49","slug":"instrumentos-privados","status":"publish","type":"page","link":"https:\/\/empresaeneldia.cl\/?page_id=324","title":{"rendered":"INSTRUMENTOS PRIVADOS"},"content":{"rendered":"<h2>TIPOS Y REQUISITOS DE INSTRUMENTOS PRIVADOS:<\/h2>\n<p>1. DECLARACIONES JURADAS<\/p>\n<table width=\"99%\" border=\"0\" cellspacing=\"3\" cellpadding=\"10\">\n<tbody>\n<tr>\n<td bgcolor=\"#EFEFEF\" width=\"42%\"><\/td>\n<td bgcolor=\"#EFEFEF\" width=\"58%\"><strong>Requisitos<\/strong><\/td>\n<\/tr>\n<tr>\n<td bgcolor=\"#CBCBCB\">\u2022 Declaraci\u00f3n de Ingresos<\/td>\n<td bgcolor=\"#CBCBCB\">&#8211; C\u00e9dula de Identidad vigente<\/td>\n<\/tr>\n<tr>\n<td bgcolor=\"#EFEFEF\">\u2022 Declaraci\u00f3n de Estado Civil (Solter\u00eda\/Viudez)<\/td>\n<td bgcolor=\"#EFEFEF\">&#8211; C\u00e9dula de Identidad vigente del declarante<br \/>\n&#8211; Dos testigos mayores de 18 A\u00f1os, sus c\u00e9dulas vigentes y que no sean parientes<\/td>\n<\/tr>\n<tr>\n<td bgcolor=\"#CBCBCB\">\u2022 Autorizaci\u00f3n Menor Trabajo<\/td>\n<td bgcolor=\"#CBCBCB\">&#8211; C\u00e9dula de Identidad del Padre, en subsidio el de la Madre.<br \/>\n&#8211; C\u00e9dula de Identidad del Menor (Mayor de 15 A\u00f1os)<\/td>\n<\/tr>\n<tr>\n<td bgcolor=\"#CBCBCB\">\u2022 Declaraci\u00f3n Renuncia Voluntaria<\/td>\n<td bgcolor=\"#CBCBCB\">&#8211; C\u00e9dula de Identidad vigente<\/td>\n<\/tr>\n<tr>\n<td bgcolor=\"#EFEFEF\">\u2022 Declaraci\u00f3n para optar a cargos p\u00fablicos<\/td>\n<td bgcolor=\"#EFEFEF\">&#8211; C\u00e9dula de Identidad vigente<\/td>\n<\/tr>\n<\/tbody>\n<\/table>\n<p>2. CARTAS- PODER<\/p>\n<table width=\"99%\" border=\"0\" cellspacing=\"3\" cellpadding=\"10\">\n<tbody>\n<tr>\n<td><\/td>\n<td><\/td>\n<\/tr>\n<tr>\n<td bgcolor=\"#CBCBCB\">\u2022 Carta Poder para Servicios de Impuestos Internos<\/td>\n<td bgcolor=\"#CBCBCB\">&#8211; C\u00e9dula de Identidad Mandante o Poderdante<br \/>\n&#8211; Nombre completo y c\u00e9dula de identidad a quien se le otorga el poder.<\/td>\n<\/tr>\n<tr>\n<td bgcolor=\"#EFEFEF\">\u2022 Carta Poder para Venta de Veh\u00edculo<\/td>\n<td bgcolor=\"#EFEFEF\">&#8211; C\u00e9dulas de Identidad ambas partes<br \/>\n&#8211; Certificado de Anotaciones<br \/>\n&#8211; Permiso de Circulaci\u00f3n<\/td>\n<\/tr>\n<\/tbody>\n<\/table>\n<p>3. AUTORIZACIONES DE VIAJES MENORES<\/p>\n<table width=\"99%\" border=\"0\" cellspacing=\"3\" cellpadding=\"10\">\n<tbody>\n<tr>\n<td bgcolor=\"#CBCBCB\" width=\"42%\"><\/td>\n<td bgcolor=\"#CBCBCB\" width=\"58%\">&#8211; Cedula de Identidad Vigentes de ambos Padres<br \/>\n&#8211; C\u00e9dula de Identidad acompa\u00f1ante del menor para salir del pa\u00eds<br \/>\n&#8211; Certificado de Nacimiento del menor o Libreta de Familia<\/td>\n<\/tr>\n<\/tbody>\n<\/table>\n<p>&nbsp;<\/p>\n<p>4. CONTRATOS DE ARRIENDO<\/p>\n<table width=\"99%\" border=\"0\" cellspacing=\"3\" cellpadding=\"10\">\n<tbody>\n<tr>\n<td bgcolor=\"#CBCBCB\" width=\"42%\"><\/td>\n<td bgcolor=\"#CBCBCB\" width=\"58%\">&#8211; C\u00e9dula de Identidad Arrendador y Arrendatario<br \/>\n&#8211; Cuando comparece en representaci\u00f3n de una Empresa, acreditar Personer\u00eda, trayendo copia de la escritura de poder o de la Sociedad donde conste la representaci\u00f3n.<\/td>\n<\/tr>\n<\/tbody>\n<\/table>\n<p>&nbsp;<\/p>\n<p>5. COMPRAVENTA BIENES MUEBLES USADOS<\/p>\n<table width=\"99%\" border=\"0\" cellspacing=\"3\" cellpadding=\"10\">\n<tbody>\n<tr>\n<td bgcolor=\"#CBCBCB\" width=\"42%\"><\/td>\n<td bgcolor=\"#CBCBCB\" width=\"58%\">&#8211;\u00a0<strong>Ejemplos:<\/strong>\u00a0Maquinaria<br \/>\n&#8211; C\u00e9dula de Identidad de Ambas partes<\/td>\n<\/tr>\n<\/tbody>\n<\/table>\n<p>&nbsp;<\/p>\n<p>6. COMPRAVENTA DE VEHICULOS<\/p>\n<table width=\"99%\" border=\"0\" cellspacing=\"3\" cellpadding=\"10\">\n<tbody>\n<tr>\n<td bgcolor=\"#CBCBCB\" width=\"42%\"><\/td>\n<td bgcolor=\"#CBCBCB\" width=\"58%\">&#8211; C\u00e9dula de Identidad vigentes del comprador y del vendedor<br \/>\n&#8211; Certificado de Anotaciones Vigente emitido por el Registro Civil, a contar de la fecha de celebraci\u00f3n del contrato.<br \/>\n&#8211; Permiso de Circulaci\u00f3n a nombre del vendedor<\/td>\n<\/tr>\n<\/tbody>\n<\/table>\n<p>&nbsp;<\/p>\n<p>7. COMPRAVENTA LOCAL COMERCIAL<\/p>\n<table width=\"99%\" border=\"0\" cellspacing=\"3\" cellpadding=\"10\">\n<tbody>\n<tr>\n<td bgcolor=\"#CBCBCB\" width=\"42%\"><\/td>\n<td bgcolor=\"#CBCBCB\" width=\"58%\">&#8211; Requisitos c\u00e9dulas vigentes de las partes y patente comercial.<\/td>\n<\/tr>\n<\/tbody>\n<\/table>\n<p>&nbsp;<\/p>\n<p>8. AUTORIZACION DE FINIQUITOS<\/p>\n<table width=\"99%\" border=\"0\" cellspacing=\"3\" cellpadding=\"10\">\n<tbody>\n<tr>\n<td bgcolor=\"#CBCBCB\" width=\"42%\"><\/td>\n<td bgcolor=\"#CBCBCB\" width=\"58%\">&#8211; C\u00e9dula de Identidad vigente<br \/>\n&#8211; Cotizaciones previcionales al d\u00eda en AFP &#8211; IPS e Isapre<\/td>\n<\/tr>\n<\/tbody>\n<\/table>\n<p>9. SALVOCONDUCTO<\/p>\n<table width=\"99%\" border=\"0\" cellspacing=\"3\" cellpadding=\"10\">\n<tbody>\n<tr>\n<td bgcolor=\"#CBCBCB\" width=\"42%\">\u2022 Due\u00f1o de la Propiedad<\/td>\n<td bgcolor=\"#CBCBCB\" width=\"58%\">&#8211; Escritura que certifique dominio de la propiedad<br \/>\n&#8211; Cuenta que acredite domicilio (luz, agua, tel\u00e9fono etc.)<\/td>\n<\/tr>\n<tr>\n<td bgcolor=\"#EFEFEF\">\u2022 No due\u00f1o de la Propiedad<\/td>\n<td bgcolor=\"#EFEFEF\">&#8211; Poder simple del due\u00f1o de la propiedad autorizando el cambio de domicilio<br \/>\n&#8211; Fotocopia c\u00e9dula de identidad del due\u00f1o y arrendatario<br \/>\n&#8211; Exhibir comprobante luz, agua, tel\u00e9fono, canceladas al d\u00eda.<\/td>\n<\/tr>\n<\/tbody>\n<\/table>\n<p>&nbsp;<\/p>\n<p>10. AUTORIZACION DE LETRAS DE CAMBIO Y PAGAR\u00c9S<\/p>\n<table width=\"99%\" border=\"0\" cellspacing=\"3\" cellpadding=\"10\">\n<tbody>\n<tr>\n<td bgcolor=\"#CBCBCB\" width=\"42%\"><\/td>\n<td bgcolor=\"#CBCBCB\" width=\"58%\">-Cedulas de identidad vigentes y cuando comparece en representaci\u00f3n de una Empresa,acreditar Personer\u00eda, trayendo copia de la escritura de poder o de la Sociedad donde conste la representaci\u00f3n vigente y pago del impuesto correspondiente.<\/td>\n<\/tr>\n<\/tbody>\n<\/table>\n<p style=\"padding-left: 60px;\">\n","protected":false},"excerpt":{"rendered":"<p>TIPOS Y REQUISITOS DE INSTRUMENTOS PRIVADOS: 1. DECLARACIONES JURADAS Requisitos \u2022 Declaraci\u00f3n de Ingresos &#8211; C\u00e9dula de Identidad vigente \u2022 Declaraci\u00f3n de Estado Civil (Solter\u00eda\/Viudez) &#8211; C\u00e9dula de Identidad vigente del declarante &#8211; Dos testigos mayores de 18 A\u00f1os, sus c\u00e9dulas vigentes y que no sean parientes \u2022 Autorizaci\u00f3n Menor &#8230;<\/p>\n","protected":false},"author":1,"featured_media":0,"parent":0,"menu_order":0,"comment_status":"closed","ping_status":"open","template":"","meta":{"footnotes":""},"class_list":["post-324","page","type-page","status-publish","hentry","column","threecol"],"_links":{"self":[{"href":"https:\/\/empresaeneldia.cl\/index.php?rest_route=\/wp\/v2\/pages\/324","targetHints":{"allow":["GET"]}}],"collection":[{"href":"https:\/\/empresaeneldia.cl\/index.php?rest_route=\/wp\/v2\/pages"}],"about":[{"href":"https:\/\/empresaeneldia.cl\/index.php?rest_route=\/wp\/v2\/types\/page"}],"author":[{"embeddable":true,"href":"https:\/\/empresaeneldia.cl\/index.php?rest_route=\/wp\/v2\/users\/1"}],"replies":[{"embeddable":true,"href":"https:\/\/empresaeneldia.cl\/index.php?rest_route=%2Fwp%2Fv2%2Fcomments&post=324"}],"version-history":[{"count":5,"href":"https:\/\/empresaeneldia.cl\/index.php?rest_route=\/wp\/v2\/pages\/324\/revisions"}],"predecessor-version":[{"id":329,"href":"https:\/\/empresaeneldia.cl\/index.php?rest_route=\/wp\/v2\/pages\/324\/revisions\/329"}],"wp:attachment":[{"href":"https:\/\/empresaeneldia.cl\/index.php?rest_route=%2Fwp%2Fv2%2Fmedia&parent=324"}],"curies":[{"name":"wp","href":"https:\/\/api.w.org\/{rel}","templated":true}]}}