{"id":312,"date":"2013-05-17T00:10:04","date_gmt":"2013-05-17T03:10:04","guid":{"rendered":"https:\/\/www.empresaeneldia.cl\/?page_id=312"},"modified":"2013-05-17T00:10:04","modified_gmt":"2013-05-17T03:10:04","slug":"tramites-notariales","status":"publish","type":"page","link":"https:\/\/empresaeneldia.cl\/?page_id=312","title":{"rendered":"TRAMITES NOTARIALES"},"content":{"rendered":"<p style=\"text-align: justify;\">Nuestra Empresa realiza todo tipo de tr\u00e1mites Notariales, Escrituras p\u00fablicas e Instrumentos privados.<br \/>\nPrestamos asesor\u00eda en redacci\u00f3n de contratos de Compraventas de bienes ra\u00edces, veh\u00edculos motorizados, testamentos, contratos de arriendo, mandatos generales.<br \/>\nPodr\u00e1 acceder a nuestros servicios en cualquier lugar del pais, pues tenemos una Red nacional de Notarios y Conservadores de nuestra exclusiva confianza, garantizando sus tr\u00e1mites con \u00e9xito y sin mayor demora.<\/p>\n<p>Cont\u00e1ctenos v\u00eda telef\u00f3nica o nuestro e-mail, <strong>gerencia@empresaeneldia.cl <\/strong> y recibir\u00e1 una completa asesor\u00eda.<strong><\/strong><\/p>\n","protected":false},"excerpt":{"rendered":"<p>Nuestra Empresa realiza todo tipo de tr\u00e1mites Notariales, Escrituras p\u00fablicas e Instrumentos privados. Prestamos asesor\u00eda en redacci\u00f3n de contratos de Compraventas de bienes ra\u00edces, veh\u00edculos motorizados, testamentos, contratos de arriendo, mandatos generales. Podr\u00e1 acceder a nuestros servicios en cualquier lugar del pais, pues tenemos una Red nacional de Notarios y &#8230;<\/p>\n","protected":false},"author":1,"featured_media":0,"parent":0,"menu_order":0,"comment_status":"closed","ping_status":"open","template":"","meta":{"footnotes":""},"class_list":["post-312","page","type-page","status-publish","hentry","column","threecol"],"_links":{"self":[{"href":"https:\/\/empresaeneldia.cl\/index.php?rest_route=\/wp\/v2\/pages\/312","targetHints":{"allow":["GET"]}}],"collection":[{"href":"https:\/\/empresaeneldia.cl\/index.php?rest_route=\/wp\/v2\/pages"}],"about":[{"href":"https:\/\/empresaeneldia.cl\/index.php?rest_route=\/wp\/v2\/types\/page"}],"author":[{"embeddable":true,"href":"https:\/\/empresaeneldia.cl\/index.php?rest_route=\/wp\/v2\/users\/1"}],"replies":[{"embeddable":true,"href":"https:\/\/empresaeneldia.cl\/index.php?rest_route=%2Fwp%2Fv2%2Fcomments&post=312"}],"version-history":[{"count":2,"href":"https:\/\/empresaeneldia.cl\/index.php?rest_route=\/wp\/v2\/pages\/312\/revisions"}],"predecessor-version":[{"id":314,"href":"https:\/\/empresaeneldia.cl\/index.php?rest_route=\/wp\/v2\/pages\/312\/revisions\/314"}],"wp:attachment":[{"href":"https:\/\/empresaeneldia.cl\/index.php?rest_route=%2Fwp%2Fv2%2Fmedia&parent=312"}],"curies":[{"name":"wp","href":"https:\/\/api.w.org\/{rel}","templated":true}]}}