{"id":2,"date":"2013-03-27T16:29:46","date_gmt":"2013-03-27T16:29:46","guid":{"rendered":"https:\/\/www.empresaeneldia.cl\/?page_id=2"},"modified":"2020-08-29T17:26:56","modified_gmt":"2020-08-29T20:26:56","slug":"empresa-en-el-dia","status":"publish","type":"page","link":"https:\/\/empresaeneldia.cl\/?page_id=2","title":{"rendered":"Empresa en el d\u00eda"},"content":{"rendered":"<p><strong>LEY 20.659 SOBRE CONSTITUCI\u00d3N SIMPLIFICADA DE EMPRESAS.<br \/><\/strong><\/p>\n<p>El 08 de febrero de 2013 se public\u00f3 la Ley 20.659, vigente desde el <strong><i>2 de Mayo del 2013<\/i><i>.<\/i><\/strong><\/p>\n<p><b><i><\/i><\/b>Este nuevo sistema de constituci\u00f3n de empresas es un sistema alternativo al tradicional Sistema Registral (Escritura P\u00fablica Notarial, Publicaci\u00f3n en Diario Oficial e Inscripci\u00f3n en el Registro de Comercio), por lo tanto, usted podr\u00e1 optar por el sistema tradicional o bien, mediante este nuevo sistema simplificado a \u00abCosto 0\u00bb.<\/p>\n<p>Sin embargo, si bien el nuevo sistema constituci\u00f3n de empresas no considera costos, quien desee operar con el nuevo sistema deber\u00e1 considerar adquirir la <strong><i>firma electr\u00f3nica avanzada.\u00a0\u00a0<\/i><\/strong><i>Actualmente se ha implementado el uso, mediante la adquisici\u00f3n de F.E.A., con un costo cercano a los $2.000, lo que permite que varios de los tr\u00e1mites se puedan realizar 100% online, lo que es una gran ayuda.<\/i><\/p>\n<p>Este sistema simplificado, permite la <strong><i>constituci\u00f3n, modificaci\u00f3n, transformaci\u00f3n, fusi\u00f3n, divisi\u00f3n, disoluci\u00f3n y migraci\u00f3n<\/i><\/strong><b>\u00a0<\/b>de las siguientes personas jur\u00eddicas:<\/p>\n<ol>\n<li>Empresa individual de responsabilidad limitada (E.I.R.L.);<\/li>\n<li>La sociedad de responsabilidad limitada;<\/li>\n<li>La sociedad an\u00f3nima cerrada;<\/li>\n<li>La sociedad an\u00f3nima de garant\u00eda rec\u00edproca;<\/li>\n<li>La sociedad colectiva comercial;<\/li>\n<li>La sociedad por acciones (SpA);<\/li>\n<li>La sociedad en comandita simple y;<\/li>\n<li>La sociedad en comandita por acciones.<\/li>\n<\/ol>\n<p><a href=\"http:\/\/www.anfitrion.cl\/actualidad\/20ulle\/20659.html\">\u00a0<\/a><\/p>\n\n\n<p><\/p>\n","protected":false},"excerpt":{"rendered":"<p>LEY 20.659 SOBRE CONSTITUCI\u00d3N SIMPLIFICADA DE EMPRESAS. El 08 de febrero de 2013 se public\u00f3 la Ley 20.659, vigente desde el 2 de Mayo del 2013. Este nuevo sistema de constituci\u00f3n de empresas es un sistema alternativo al tradicional Sistema Registral (Escritura P\u00fablica Notarial, Publicaci\u00f3n en Diario Oficial e Inscripci\u00f3n &#8230;<\/p>\n","protected":false},"author":1,"featured_media":0,"parent":0,"menu_order":0,"comment_status":"open","ping_status":"open","template":"","meta":{"footnotes":""},"class_list":["post-2","page","type-page","status-publish","hentry","column","threecol"],"_links":{"self":[{"href":"https:\/\/empresaeneldia.cl\/index.php?rest_route=\/wp\/v2\/pages\/2","targetHints":{"allow":["GET"]}}],"collection":[{"href":"https:\/\/empresaeneldia.cl\/index.php?rest_route=\/wp\/v2\/pages"}],"about":[{"href":"https:\/\/empresaeneldia.cl\/index.php?rest_route=\/wp\/v2\/types\/page"}],"author":[{"embeddable":true,"href":"https:\/\/empresaeneldia.cl\/index.php?rest_route=\/wp\/v2\/users\/1"}],"replies":[{"embeddable":true,"href":"https:\/\/empresaeneldia.cl\/index.php?rest_route=%2Fwp%2Fv2%2Fcomments&post=2"}],"version-history":[{"count":9,"href":"https:\/\/empresaeneldia.cl\/index.php?rest_route=\/wp\/v2\/pages\/2\/revisions"}],"predecessor-version":[{"id":431,"href":"https:\/\/empresaeneldia.cl\/index.php?rest_route=\/wp\/v2\/pages\/2\/revisions\/431"}],"wp:attachment":[{"href":"https:\/\/empresaeneldia.cl\/index.php?rest_route=%2Fwp%2Fv2%2Fmedia&parent=2"}],"curies":[{"name":"wp","href":"https:\/\/api.w.org\/{rel}","templated":true}]}}